{"id":767,"date":"2023-09-13T04:40:26","date_gmt":"2023-09-13T04:40:26","guid":{"rendered":"http:\/\/sinergias.biz\/?page_id=767"},"modified":"2023-09-13T17:47:18","modified_gmt":"2023-09-13T17:47:18","slug":"accessibility","status":"publish","type":"page","link":"https:\/\/sinergias.biz\/en\/accessibility\/","title":{"rendered":"Accessibility"},"content":{"rendered":"\n<h1 class=\"wp-block-heading\">Declaraci\u00f3n de accesibilidad<\/h1>\n\n\n\n<h2 class=\"wp-block-heading\">1. Declaraci\u00f3n de accesibilidad<\/h2>\n\n\n\n<p>Esta web se ha comprometido a hacer accesible contenido de conformidad con el criterio de accesibilidad del Programa Kit Digital, conforme a los anexos de la norma UNE-EN 301 549:2022.<\/p>\n\n\n\n<h2 class=\"wp-block-heading\">2. Situaci\u00f3n de cumplimiento<\/h2>\n\n\n\n<p>Las tecnolog\u00edas web en las que se basa la conformidad de la accesibilidad del presente sitio son&nbsp;<strong>HTML5<\/strong>&nbsp;,&nbsp;<strong>CSS<\/strong>&nbsp;,&nbsp;<strong>WAI-ARIA<\/strong>&nbsp;,&nbsp;<strong>DOM as\u00ed como OTRAS tecnolog\u00edas<\/strong>&nbsp;de la plataforma&nbsp;<strong>WordPress<\/strong>&nbsp;url:&nbsp;<a href=\"https:\/\/wordpress.org\/\" target=\"_blank\" rel=\"noreferrer noopener\">https:\/\/wordpress.org<\/a><\/p>\n\n\n\n<p>Con motivo de lo anterior, este sitio web es&nbsp;<strong>PARCIALMENTE CONFORME<\/strong>&nbsp;, siendo los aspectos de accesibilidad con los que es conforme la presente web los siguientes:<\/p>\n\n\n\n<p><strong>REQUISITOS WEB:<\/strong><\/p>\n\n\n\n<ul class=\"wp-block-list\">\n<li>9.1.1.1 Contenido no textual<\/li>\n\n\n\n<li>9.1.2.1 Solo audio y solo v\u00eddeo (grabado)<\/li>\n\n\n\n<li>9.1.2.2 Subt\u00edtulos (grabados)<\/li>\n\n\n\n<li>9.1.2.3 Audiodescripci\u00f3n o Medio Alternativo (grabado)<\/li>\n\n\n\n<li>9.1.2.5 Audiodescripci\u00f3n (grabada)<\/li>\n\n\n\n<li>9.1.3.1 Informaci\u00f3n y relaciones<\/li>\n\n\n\n<li>9.1.3.3 Caracter\u00edsticas sensoriales<\/li>\n\n\n\n<li>9.1.3.4 Orientaci\u00f3n<\/li>\n\n\n\n<li>9.1.4.1 Uso del Color<\/li>\n\n\n\n<li>9.1.4.2 Control del audio<\/li>\n\n\n\n<li>9.1.4.3 Contraste (m\u00ednimo)<\/li>\n\n\n\n<li>9.1.4.4 Cambio de tama\u00f1o del texto<\/li>\n\n\n\n<li>9.1.4.5 Im\u00e1genes de texto<\/li>\n\n\n\n<li>9.1.4.10 Reajuste del texto<\/li>\n\n\n\n<li>9.1.4.11 Contraste no textual<\/li>\n\n\n\n<li>9.1.4.12 Espaciado del texto<\/li>\n\n\n\n<li>9.2.2.1 Tiempo ajustable<\/li>\n\n\n\n<li>9.2.2.2 Poner en pausa, detener, ocultar<\/li>\n\n\n\n<li>9.2.3.1 Umbral de tres destellos o menos<\/li>\n\n\n\n<li>9.2.4.2 Titulado de p\u00e1ginas<\/li>\n\n\n\n<li>9.2.4.3 Orden del foco<\/li>\n\n\n\n<li>9.2.4.4 Prop\u00f3sito de los enlaces (en contexto)<\/li>\n\n\n\n<li>9.2.4.6 Encabezados y etiquetas<\/li>\n\n\n\n<li>9.2.5.1 Gestos con el puntero<\/li>\n\n\n\n<li>9.2.5.3 Inclusi\u00f3n de la etiqueta en el nombre<\/li>\n\n\n\n<li>9.3.1.1 Idioma de la p\u00e1gina<\/li>\n\n\n\n<li>9.3.1.2 Idioma de las partes<\/li>\n\n\n\n<li>9.3.2.1 Al recibir el foco<\/li>\n\n\n\n<li>9.3.2.3 Navegaci\u00f3n coherente<\/li>\n\n\n\n<li>9.3.2.4 Identificaci\u00f3n coherente<\/li>\n\n\n\n<li>9.3.3.1 Identificaci\u00f3n de errores<\/li>\n\n\n\n<li>9.3.3.2 Etiquetas o instrucciones<\/li>\n\n\n\n<li>9.3.3.3 Sugerencias ante errores<\/li>\n\n\n\n<li>9.3.3.4 Prevenci\u00f3n de errores (legales, financieros, de datos)<\/li>\n\n\n\n<li>9.4.1.3 Mensajes de estado<\/li>\n<\/ul>\n\n\n\n<p><strong>REQUISITOS SOFTWARE:<\/strong><\/p>\n\n\n\n<ul class=\"wp-block-list\">\n<li>11.7 Preferencias de usuario<\/li>\n\n\n\n<li>11.8.1 Tecnolog\u00eda de gesti\u00f3n de contenidos<\/li>\n\n\n\n<li>11.8.2 Creaci\u00f3n de contenidos accesibles<\/li>\n\n\n\n<li>11.8.3 Preservaci\u00f3n de la informaci\u00f3n de accesibilidad durante las transformaciones<\/li>\n\n\n\n<li>11.8.5 Plantillas<\/li>\n<\/ul>\n\n\n\n<p><strong>REQUISITOS DE DOCUMENTACI\u00d3N Y SERVICIOS DE APOYO:<\/strong><\/p>\n\n\n\n<ul class=\"wp-block-list\">\n<li>12.1.1 Caracter\u00edsticas de accesibilidad y compatibilidad<\/li>\n\n\n\n<li>12.1.2 Documentaci\u00f3n accesible<\/li>\n\n\n\n<li>12.2.2 Informaci\u00f3n sobre las caracter\u00edsticas de accesibilidad y compatibilidad<\/li>\n\n\n\n<li>12.2.3 Comunicaci\u00f3n efectiva<\/li>\n\n\n\n<li>12.2.4 Documentaci\u00f3n accesible<\/li>\n<\/ul>\n\n\n\n<h2 class=\"wp-block-heading\">3. Contenido no accesible<\/h2>\n\n\n\n<p>Por el contrario, el contenido de los puntos que se recogen a continuaci\u00f3n no son accesibles por los siguientes motivos:<\/p>\n\n\n\n<h4 class=\"wp-block-heading\">9.1.3.2 Secuencia significativa (Condicional)<\/h4>\n\n\n\n<p>Condici\u00f3n: Cuando las TIC sean una p\u00e1gina web.<br>Cuando la secuencia en que se presenta el contenido afecta a su significado, se puede determinar por software la secuencia correcta de lectura.<br><a href=\"https:\/\/www.w3.org\/TR\/WCAG\/#meaningful-sequence\">https:\/\/www.w3.org\/TR\/WCAG\/#meaningful-sequence<\/a><\/p>\n\n\n\n<h4 class=\"wp-block-heading\">9.1.3.5 Identificaci\u00f3n del prop\u00f3sito de la entrada (Condicional)<\/h4>\n\n\n\n<p>Condici\u00f3n: Cuando las TIC sean una p\u00e1gina web.<br>El prop\u00f3sito de cada campo de entrada que recoge la informaci\u00f3n sobre el usuario puede ser determinado program\u00e1ticamente cuando:<br>\u2013 El campo de entrada sirve a un prop\u00f3sito identificativo en los prop\u00f3sitos de entrada de los componentes de la interfaz de usuario, y<br>\u2013 El contenido se implementa usando tecnolog\u00edas con soporte para identificar el significado esperado de los datos de entrada en formularios.<\/p>\n\n\n\n<figure class=\"wp-block-embed\"><div class=\"wp-block-embed__wrapper\">\nhttps:\/\/www.w3.org\/TR\/WCAG\/#identify-input-purpose\n<\/div><\/figure>\n\n\n\n<h4 class=\"wp-block-heading\">9.1.4.13 Contenido se\u00f1alado con el puntero o que tiene el foco (Condicional)<\/h4>\n\n\n\n<p>Condici\u00f3n: Cuando las TIC sean una p\u00e1gina web.<br>i al recibir y luego eliminar el puntero o el foco del teclado se activa el contenido adicional para que se haga visible y luego se oculte, lo siguiente es cierto:<\/p>\n\n\n\n<p>-Puede retirarse: Un mecanismo est\u00e1 disponible para descartar el contenido adicional sin mover el puntero o foco del teclado, a menos que el contenido adicional comunique un error de entrada o no oscurezca o reemplace otro contenido.<br>-Hoverable: Si el puntero puede activar el contenido adicional, entonces el puntero puede moverse sobre el contenido adicional sin que el contenido adicional desaparezca.<br>-Persistente: El contenido adicional permanece visible hasta que se elimina el cursor o el disparador de enfoque, el usuario lo despide o su informaci\u00f3n deja de ser v\u00e1lida.<\/p>\n\n\n\n<figure class=\"wp-block-embed\"><div class=\"wp-block-embed__wrapper\">\nhttps:\/\/www.w3.org\/TR\/WCAG\/#content-on-hover-or-focus\n<\/div><\/figure>\n\n\n\n<h4 class=\"wp-block-heading\">9.2.1.1 Teclado (Condicional)<\/h4>\n\n\n\n<p>Condici\u00f3n: Cuando las TIC sean una p\u00e1gina web<\/p>\n\n\n\n<p>Toda la funcionalidad del contenido es operable a trav\u00e9s de una interfaz de teclado sin que se requiera una determinada velocidad para cada pulsaci\u00f3n individual de las teclas, excepto cuando la funci\u00f3n interna requiere de una entrada que depende del trayecto de los movimientos del usuario y no s\u00f3lo de los puntos inicial y final (Nivel A)<\/p>\n\n\n\n<p>Nota 1: Esta excepci\u00f3n se refiere a la funci\u00f3n subyacente, no a la t\u00e9cnica de entrada de datos. Por ejemplo, si la entrada de texto se hace por medio de escritura a mano, la t\u00e9cnica de entrada (escritura a mano) depende del trazo (ruta trazada) pero la funci\u00f3n interna (introducir texto9 no.<\/p>\n\n\n\n<p>Nota2: Esto no proh\u00edbe ni deber\u00eda desanimar a los autores a proporcionar entrada de rat\u00f3n u otros m\u00e9todos de entrada de datos adicionales a la operabilidad a trav\u00e9s del teclado.<\/p>\n\n\n\n<figure class=\"wp-block-embed\"><div class=\"wp-block-embed__wrapper\">\nhttps:\/\/www.w3.org\/TR\/WCAG\/#keyboard\n<\/div><\/figure>\n\n\n\n<h4 class=\"wp-block-heading\">9.2.1.2 Sin trampas para el foco del teclado (Condicional)<\/h4>\n\n\n\n<p>Condici\u00f3n: Cuando las TIC sean una p\u00e1gina web<\/p>\n\n\n\n<p>Si es posible mover el foco a un componente de la p\u00e1gina usando una interfaz de teclado, entonces el foco se puede quitar de ese componente usando s\u00f3lo la interfaz del teclado y, si se requiere algo m\u00e1s que las teclas de direcci\u00f3n o de tabulaci\u00f3n, se informa al usuario el m\u00e9todo apropiado para mover el foco (Nivel A)<\/p>\n\n\n\n<p>Nota: En la medida en que cualquier contenido que no satisfaga este criterio puede interferir con la capacidad del usuario para emplear la p\u00e1gina por completo, todo contenido de la p\u00e1gina web (tanto si satisface o no otros criterios de conformidad) debe satisfacer este criterio. V\u00e9ase Requisito de Conformidad 5: Sin interferencia.<\/p>\n\n\n\n<figure class=\"wp-block-embed\"><div class=\"wp-block-embed__wrapper\">\nhttps:\/\/www.w3.org\/TR\/WCAG\/#no-keyboard-trap\n<\/div><\/figure>\n\n\n\n<h4 class=\"wp-block-heading\">9.2.1.4 Atajos del teclado (Condicional)<\/h4>\n\n\n\n<p>Condici\u00f3n: Cuando las TIC sean una p\u00e1gina web<\/p>\n\n\n\n<p>En el caso de que para activar los elementos de interacci\u00f3n (enlaces, botones, etc.) se empleen atajos de teclado usando una \u00fanica letra, signo de puntuaci\u00f3n, n\u00famero o s\u00edmbolo entonces se debe cumplir al menos una de las siguientes condiciones:<\/p>\n\n\n\n<p>-Existe un mecanismo que permite desactivar el atajo de teclado<br>-Existe un mecanismo que permite reasignar el atajo de teclado para emplear en su lugar otra tecla no imprimible (ej,&nbsp;&nbsp;<em>Ctrl, Alt<\/em>, etc.)<br>-El atajo de teclado solo se puede activar cuando el componente tiene el foco del teclado.<\/p>\n\n\n\n<figure class=\"wp-block-embed\"><div class=\"wp-block-embed__wrapper\">\nhttps:\/\/www.w3.org\/TR\/WCAG\/#character-key-shortcuts\n<\/div><\/figure>\n\n\n\n<h4 class=\"wp-block-heading\">9.2.4.1 Evitar bloques (Condicional)<\/h4>\n\n\n\n<p>Condici\u00f3n: Cuando las TIC sean una p\u00e1gina web<br>Existe un mecanismo para evitar los bloques de contenido que se repiten en m\u00faltiples p\u00e1ginas web (Nivel A)<\/p>\n\n\n\n<figure class=\"wp-block-embed\"><div class=\"wp-block-embed__wrapper\">\nhttps:\/\/www.w3.org\/TR\/WCAG\/#bypass-blocks\n<\/div><\/figure>\n\n\n\n<h4 class=\"wp-block-heading\">9.2.4.5 M\u00faltiples v\u00edas (Condicional)<\/h4>\n\n\n\n<p>Condici\u00f3n: Cuando las TIC sean una p\u00e1gina web<br>Se proporciona m\u00e1s de un camino para localizar una p\u00e1gina web dentro de un conjunto de p\u00e1ginas web, excepto cuando la p\u00e1gina es el resultado, o un paso intermedio, de un proceso (Nivel AA)<\/p>\n\n\n\n<figure class=\"wp-block-embed\"><div class=\"wp-block-embed__wrapper\">\nhttps:\/\/www.w3.org\/TR\/WCAG\/#multiple-ways\n<\/div><\/figure>\n\n\n\n<h4 class=\"wp-block-heading\">9.2.4.7 Foco visible (Condicional)<\/h4>\n\n\n\n<p>Condici\u00f3n: Cuando las TIC sean una p\u00e1gina web<\/p>\n\n\n\n<p>Cualquier interfaz de usuario operable por teclado tiene uan forma de operar en la cual el indicador del foco del teclado resulta visible (Nivel AA)<\/p>\n\n\n\n<figure class=\"wp-block-embed\"><div class=\"wp-block-embed__wrapper\">\nhttps:\/\/www.w3.org\/TR\/WCAG\/#focus-visible\n<\/div><\/figure>\n\n\n\n<h4 class=\"wp-block-heading\">9.2.5.2 Cancelaci\u00f3n del puntero (Condicional)<\/h4>\n\n\n\n<p>Condici\u00f3n: Cuando las TIC sean una p\u00e1gina web<\/p>\n\n\n\n<p>Para la funcionalidad que puede operarse con un solo puntero, al menos uno delos siguientes es verdadero:<\/p>\n\n\n\n<p>-Sin evento descendente: el evento descendente del puntero no se utiliza para ejecutar ninguna parte de la funci\u00f3n:<\/p>\n\n\n\n<p>-Abortar o Deshacer. La finalizaci\u00f3n de la funci\u00f3n est\u00e1 en el evento up, y hay un mecanismo disponible para abortar la funci\u00f3n antes de que se complete o para deshacer la funci\u00f3n despu\u00e9s de que se complete;<\/p>\n\n\n\n<p>-Inversi\u00f3n ascendente: el evento ascendente invierte cualquier resultado del evento descendente anterior;<\/p>\n\n\n\n<p>-Esencial: completar la funci\u00f3n en el evento descendente es esencial.<\/p>\n\n\n\n<figure class=\"wp-block-embed\"><div class=\"wp-block-embed__wrapper\">\nhttps:\/\/www.w3.org\/TR\/WCAG\/#pointer-cancellation\n<\/div><\/figure>\n\n\n\n<h4 class=\"wp-block-heading\">9.2.5.4. Activaci\u00f3n mediante movimiento (Condicional)<\/h4>\n\n\n\n<p>Condici\u00f3n: Cuando las TIC sean una p\u00e1gina web<\/p>\n\n\n\n<p>La funcionalidad que puede ser operada por el movimiento del dispositivo o el movimiento del usuario tambi\u00e9n puede ser operada por los componentes de la interfaz del usuario y la respuesta al movimiento se puede desactivar para evitar la activaci\u00f3n accidental, excepto cuando:<\/p>\n\n\n\n<p>-Interfaz compatible: el movimiento se utiliza para operar la funcionalidad a trav\u00e9s de una interfaz compatible de accesibilidad;<\/p>\n\n\n\n<p>-Esencial: el movimiento es esencial para la funci\u00f3n y hacerlo invalidar\u00eda la actividad.<\/p>\n\n\n\n<figure class=\"wp-block-embed\"><div class=\"wp-block-embed__wrapper\">\nhttps:\/\/www.w3.org\/TR\/WCAG\/#motion-actuation\n<\/div><\/figure>\n\n\n\n<h4 class=\"wp-block-heading\">9.3.2.2 Al recibir entradas (Condicional)<\/h4>\n\n\n\n<p>Condici\u00f3n: Cuando las TIC sean una p\u00e1gina web<\/p>\n\n\n\n<p>El cambio de estado en cualquier componente de la interfaz de usuario no provoca autom\u00e1ticamente un cambio en el contexto a menos que el usuario haya sido advertido de ese comportamiento antes de usar el componente (Nivel A)<\/p>\n\n\n\n<figure class=\"wp-block-embed\"><div class=\"wp-block-embed__wrapper\">\nhttps:\/\/www.w3.org\/TR\/WCAG\/#on-input\n<\/div><\/figure>\n\n\n\n<h4 class=\"wp-block-heading\">9.4.1.1 Procesamiento (Condicional)<\/h4>\n\n\n\n<p>Condici\u00f3n: Cuando las TIC sean una p\u00e1gina web<\/p>\n\n\n\n<p>En los contenidos implementados mediante el uso de lenguajes de marcas, los elementos tienen las etiquetas de apertura y cierre completas; los elementos est\u00e1n anidados de acuerdo a sus especificaciones; los elementos no contienen atributos duplicados y los ID son \u00fanicos, excepto cuando las especificaciones permitan estas caracter\u00edsticas (Nivel A)<\/p>\n\n\n\n<p>Nota: Las etiquetas de apertura y cierre a las que les falte un car\u00e1cter cr\u00edtico para su formaci\u00f3n, como un signo de \u201cmayor que\u201d o en las que falten las comillas de apertura o cierre en el valor de un atributo, no se consideran completas.<\/p>\n\n\n\n<figure class=\"wp-block-embed\"><div class=\"wp-block-embed__wrapper\">\nhttps:\/\/www.w3.org\/TR\/WCAG\/#parsing\n<\/div><\/figure>\n\n\n\n<h4 class=\"wp-block-heading\">9.4.1.2 Nombre, funci\u00f3n, valor (Condicional)<\/h4>\n\n\n\n<p>Condici\u00f3n: Cuando las TIC sean una p\u00e1gina web<\/p>\n\n\n\n<p>Para todos los componentes de la interfaz de usuario (incluyendo pero no limitado a: elementos de formulario, enlaces y componentes generados por scripts), el nombre y la funci\u00f3n pueden ser determinados por software; los estados, propiedades y valores que pueden ser asignados por el usuario pueden ser especificados por software; y los cambios en estos elementos se encuentran disponibles para su consulta por las aplicaciones de usuario, incluyendo las ayudas t\u00e9cnicas. (Nivel A)<\/p>\n\n\n\n<p>Nota: Este criterio de conformidad se dirige principalmente a los autores web que desarrollan o programan sus propios componentes de interfaz de usuario. Por ejemplo, los controles est\u00e1ndar de HTML satisfacen autom\u00e1ticamente este criterio cuando se emplean de acuerdo con su especificaci\u00f3n.<\/p>\n\n\n\n<figure class=\"wp-block-embed\"><div class=\"wp-block-embed__wrapper\">\nhttps:\/\/www.w3.org\/TR\/WCAG\/#name-role-value\n<\/div><\/figure>\n\n\n\n<h4 class=\"wp-block-heading\">9.6 Requisitos de conformidad de las Pautas WCAG (Condicional)<\/h4>\n\n\n\n<p>Condici\u00f3n: Cuando las TIC sean una p\u00e1gina web<\/p>\n\n\n\n<p>Se deben satisfacer, en el nivel AA, los cinco requisitos de conformidad de las Pautas WCAG 2.1 siguientes [5]:<\/p>\n\n\n\n<ol class=\"wp-block-list\">\n<li>nivel de conformidad;<\/li>\n\n\n\n<li>p\u00e1ginas completas;<\/li>\n\n\n\n<li>procesos completos;<\/li>\n\n\n\n<li>uso de tecnolog\u00edas exclusivamente seg\u00fan m\u00e9todos que sean compatibles con la accesibilidad;<\/li>\n\n\n\n<li>sin interferencia.<\/li>\n<\/ol>\n\n\n\n<p>NOTA 1 En el caso de que una p\u00e1gina web cumpla todos los requisitos 9.1 a 9.4 o se proporcione una versi\u00f3n alternativa conforme al nivel AA (como se define en las Pautas WCAG 2.1 [5]), se cumplir\u00e1 el requisito de conformidad 1.<\/p>\n\n\n\n<p>NOTA 2 Seg\u00fan el WC3, \u00abLas Pautas WCAG 2.1 ampl\u00edan las Pautas de Accesibilidad para Contenido Web 2.0 [4], que se publicaron en formato de Recomendaci\u00f3n del WWW en diciembre de 2008. Los contenidos que est\u00e1n conformes con las Pautas WCAG 2.1 tambi\u00e9n lo est\u00e1n con las Pautas WCAG 2.0 y, en consecuencia, con las pol\u00edticas que hacen referencia a las Pautas WCAG 2.0 [4].<\/p>\n\n\n\n<p>NOTA 3 El requisito de conformidad 5 establece que todo el contenido de la p\u00e1gina, incluyendo el contenido que, de otra manera, no servir\u00eda de base para conseguir la conformidad, cumple los apartados 9.1.4.2, 9.2.1.2, 9.2.2.2 y 9.2.3.1.<\/p>\n\n\n\n<h4 class=\"wp-block-heading\">11.8.4 Servicio de reparaci\u00f3n (Condicional)<\/h4>\n\n\n\n<p>Condici\u00f3n: Cuando el contenido web sea una herramienta de autor.<\/p>\n\n\n\n<p>Si la funcionalidad de verificaci\u00f3n de la accesibilidad de una herramienta de autor puede detectar si el contenido no cumple un requisito de los cap\u00edtulos 9 (Web) o 10 (Documentos no web), seg\u00fan proceda, entonces la herramienta de autor debe proporcionar una(s) sugerencia(s) para su reparaci\u00f3n.<\/p>\n\n\n\n<p>NOTA Esto no excluye una reparaci\u00f3n autom\u00e1tica o semiautom\u00e1tica, que es posible (y recomendable) para muchos de los tipos de problemas de accesibilidad del contenido.<\/p>\n\n\n\n<h2 class=\"wp-block-heading\">4. Preparaci\u00f3n de la presente declaraci\u00f3n de accesibilidad<\/h2>\n\n\n\n<p>La presente declaraci\u00f3n fue preparada el&nbsp;<strong>13 de septiembre de 2023<\/strong><\/p>\n\n\n\n<p>La declaraci\u00f3n ha sido creada por la empresa desarrolladora del sitio web&nbsp;<strong>OMITIS CONSULTING SL<\/strong>, quien certifica que el presente sitio web corresponde sustancialmente a la interpretaci\u00f3n de la gu\u00eda informativa proporcionada por las pautas WCAG 2.1 AA. En este esfuerzo continuo en la eliminaci\u00f3n de barreras y seguir\u00e1n mejorando este sitio hasta alcanzar una accesibilidad y usabilidad \u00f3ptimas para todos los usuarios<\/p>\n\n\n\n<p>\u00daltima revisi\u00f3n de la declaraci\u00f3n:&nbsp;<strong>13 de septiembre  de 2023<\/strong><\/p>\n","protected":false},"excerpt":{"rendered":"<p>Declaraci\u00f3n de accesibilidad 1. Declaraci\u00f3n de accesibilidad Esta web se ha comprometido a hacer accesible contenido de conformidad con el criterio de accesibilidad del Programa Kit Digital, conforme a los anexos de la norma UNE-EN 301 549:2022. 2. Situaci\u00f3n de cumplimiento Las tecnolog\u00edas web en las que se basa la conformidad de la accesibilidad del [&hellip;]<\/p>\n","protected":false},"author":1,"featured_media":0,"parent":0,"menu_order":0,"comment_status":"closed","ping_status":"closed","template":"","meta":{"inline_featured_image":false,"footnotes":""},"class_list":["post-767","page","type-page","status-publish","hentry"],"acf":[],"yoast_head":"<!-- This site is optimized with the Yoast SEO plugin v21.1 - https:\/\/yoast.com\/wordpress\/plugins\/seo\/ -->\n<title>Accessibility - Sinergias G.P.A.<\/title>\n<meta name=\"robots\" content=\"index, follow, max-snippet:-1, max-image-preview:large, max-video-preview:-1\" \/>\n<link rel=\"canonical\" href=\"https:\/\/sinergias.biz\/en\/accessibility\/\" \/>\n<meta property=\"og:locale\" content=\"en_US\" \/>\n<meta property=\"og:type\" content=\"article\" \/>\n<meta property=\"og:title\" content=\"Accessibility - Sinergias G.P.A.\" \/>\n<meta property=\"og:description\" content=\"Declaraci\u00f3n de accesibilidad 1. Declaraci\u00f3n de accesibilidad Esta web se ha comprometido a hacer accesible contenido de conformidad con el criterio de accesibilidad del Programa Kit Digital, conforme a los anexos de la norma UNE-EN 301 549:2022. 2. Situaci\u00f3n de cumplimiento Las tecnolog\u00edas web en las que se basa la conformidad de la accesibilidad del [&hellip;]\" \/>\n<meta property=\"og:url\" content=\"https:\/\/sinergias.biz\/en\/accessibility\/\" \/>\n<meta property=\"og:site_name\" content=\"Sinergias G.P.A.\" \/>\n<meta property=\"article:modified_time\" content=\"2023-09-13T17:47:18+00:00\" \/>\n<meta name=\"twitter:card\" content=\"summary_large_image\" \/>\n<meta name=\"twitter:label1\" content=\"Est. reading time\" \/>\n\t<meta name=\"twitter:data1\" content=\"11 minutes\" \/>\n<script type=\"application\/ld+json\" class=\"yoast-schema-graph\">{\"@context\":\"https:\/\/schema.org\",\"@graph\":[{\"@type\":\"WebPage\",\"@id\":\"https:\/\/sinergias.biz\/en\/accessibility\/\",\"url\":\"https:\/\/sinergias.biz\/en\/accessibility\/\",\"name\":\"Accessibility - Sinergias G.P.A.\",\"isPartOf\":{\"@id\":\"https:\/\/sinergias.biz\/#website\"},\"datePublished\":\"2023-09-13T04:40:26+00:00\",\"dateModified\":\"2023-09-13T17:47:18+00:00\",\"breadcrumb\":{\"@id\":\"https:\/\/sinergias.biz\/en\/accessibility\/#breadcrumb\"},\"inLanguage\":\"en-US\",\"potentialAction\":[{\"@type\":\"ReadAction\",\"target\":[\"https:\/\/sinergias.biz\/en\/accessibility\/\"]}]},{\"@type\":\"BreadcrumbList\",\"@id\":\"https:\/\/sinergias.biz\/en\/accessibility\/#breadcrumb\",\"itemListElement\":[{\"@type\":\"ListItem\",\"position\":1,\"name\":\"Portada\",\"item\":\"https:\/\/sinergias.biz\/en\/\"},{\"@type\":\"ListItem\",\"position\":2,\"name\":\"Accessibility\"}]},{\"@type\":\"WebSite\",\"@id\":\"https:\/\/sinergias.biz\/#website\",\"url\":\"https:\/\/sinergias.biz\/\",\"name\":\"Sinergias G.P.A.\",\"description\":\"SERVICIOS DE CONSULTORIA EN EL SECTOR DE LA CONSTRUCCI\u00d3N\",\"publisher\":{\"@id\":\"https:\/\/sinergias.biz\/#organization\"},\"potentialAction\":[{\"@type\":\"SearchAction\",\"target\":{\"@type\":\"EntryPoint\",\"urlTemplate\":\"https:\/\/sinergias.biz\/?s={search_term_string}\"},\"query-input\":\"required name=search_term_string\"}],\"inLanguage\":\"en-US\"},{\"@type\":\"Organization\",\"@id\":\"https:\/\/sinergias.biz\/#organization\",\"name\":\"Sinergias G.P.A.\",\"url\":\"https:\/\/sinergias.biz\/\",\"logo\":{\"@type\":\"ImageObject\",\"inLanguage\":\"en-US\",\"@id\":\"https:\/\/sinergias.biz\/#\/schema\/logo\/image\/\",\"url\":\"https:\/\/sinergias.biz\/wp-content\/uploads\/2023\/09\/sinergias_web.png\",\"contentUrl\":\"https:\/\/sinergias.biz\/wp-content\/uploads\/2023\/09\/sinergias_web.png\",\"width\":2152,\"height\":484,\"caption\":\"Sinergias G.P.A.\"},\"image\":{\"@id\":\"https:\/\/sinergias.biz\/#\/schema\/logo\/image\/\"}}]}<\/script>\n<!-- \/ Yoast SEO plugin. -->","yoast_head_json":{"title":"Accessibility - Sinergias G.P.A.","robots":{"index":"index","follow":"follow","max-snippet":"max-snippet:-1","max-image-preview":"max-image-preview:large","max-video-preview":"max-video-preview:-1"},"canonical":"https:\/\/sinergias.biz\/en\/accessibility\/","og_locale":"en_US","og_type":"article","og_title":"Accessibility - Sinergias G.P.A.","og_description":"Declaraci\u00f3n de accesibilidad 1. Declaraci\u00f3n de accesibilidad Esta web se ha comprometido a hacer accesible contenido de conformidad con el criterio de accesibilidad del Programa Kit Digital, conforme a los anexos de la norma UNE-EN 301 549:2022. 2. Situaci\u00f3n de cumplimiento Las tecnolog\u00edas web en las que se basa la conformidad de la accesibilidad del [&hellip;]","og_url":"https:\/\/sinergias.biz\/en\/accessibility\/","og_site_name":"Sinergias G.P.A.","article_modified_time":"2023-09-13T17:47:18+00:00","twitter_card":"summary_large_image","twitter_misc":{"Est. reading time":"11 minutes"},"schema":{"@context":"https:\/\/schema.org","@graph":[{"@type":"WebPage","@id":"https:\/\/sinergias.biz\/en\/accessibility\/","url":"https:\/\/sinergias.biz\/en\/accessibility\/","name":"Accessibility - Sinergias G.P.A.","isPartOf":{"@id":"https:\/\/sinergias.biz\/#website"},"datePublished":"2023-09-13T04:40:26+00:00","dateModified":"2023-09-13T17:47:18+00:00","breadcrumb":{"@id":"https:\/\/sinergias.biz\/en\/accessibility\/#breadcrumb"},"inLanguage":"en-US","potentialAction":[{"@type":"ReadAction","target":["https:\/\/sinergias.biz\/en\/accessibility\/"]}]},{"@type":"BreadcrumbList","@id":"https:\/\/sinergias.biz\/en\/accessibility\/#breadcrumb","itemListElement":[{"@type":"ListItem","position":1,"name":"Portada","item":"https:\/\/sinergias.biz\/en\/"},{"@type":"ListItem","position":2,"name":"Accessibility"}]},{"@type":"WebSite","@id":"https:\/\/sinergias.biz\/#website","url":"https:\/\/sinergias.biz\/","name":"Sinergias G.P.A.","description":"SERVICIOS DE CONSULTORIA EN EL SECTOR DE LA CONSTRUCCI\u00d3N","publisher":{"@id":"https:\/\/sinergias.biz\/#organization"},"potentialAction":[{"@type":"SearchAction","target":{"@type":"EntryPoint","urlTemplate":"https:\/\/sinergias.biz\/?s={search_term_string}"},"query-input":"required name=search_term_string"}],"inLanguage":"en-US"},{"@type":"Organization","@id":"https:\/\/sinergias.biz\/#organization","name":"Sinergias G.P.A.","url":"https:\/\/sinergias.biz\/","logo":{"@type":"ImageObject","inLanguage":"en-US","@id":"https:\/\/sinergias.biz\/#\/schema\/logo\/image\/","url":"https:\/\/sinergias.biz\/wp-content\/uploads\/2023\/09\/sinergias_web.png","contentUrl":"https:\/\/sinergias.biz\/wp-content\/uploads\/2023\/09\/sinergias_web.png","width":2152,"height":484,"caption":"Sinergias G.P.A."},"image":{"@id":"https:\/\/sinergias.biz\/#\/schema\/logo\/image\/"}}]}},"_links":{"self":[{"href":"https:\/\/sinergias.biz\/en\/wp-json\/wp\/v2\/pages\/767","targetHints":{"allow":["GET"]}}],"collection":[{"href":"https:\/\/sinergias.biz\/en\/wp-json\/wp\/v2\/pages"}],"about":[{"href":"https:\/\/sinergias.biz\/en\/wp-json\/wp\/v2\/types\/page"}],"author":[{"embeddable":true,"href":"https:\/\/sinergias.biz\/en\/wp-json\/wp\/v2\/users\/1"}],"replies":[{"embeddable":true,"href":"https:\/\/sinergias.biz\/en\/wp-json\/wp\/v2\/comments?post=767"}],"version-history":[{"count":8,"href":"https:\/\/sinergias.biz\/en\/wp-json\/wp\/v2\/pages\/767\/revisions"}],"predecessor-version":[{"id":830,"href":"https:\/\/sinergias.biz\/en\/wp-json\/wp\/v2\/pages\/767\/revisions\/830"}],"wp:attachment":[{"href":"https:\/\/sinergias.biz\/en\/wp-json\/wp\/v2\/media?parent=767"}],"curies":[{"name":"wp","href":"https:\/\/api.w.org\/{rel}","templated":true}]}}